{"id":18188,"date":"2023-09-11T23:19:36","date_gmt":"2023-09-12T04:19:36","guid":{"rendered":"https:\/\/cesarcastellanos.tv\/?page_id=18188"},"modified":"2023-09-11T23:52:45","modified_gmt":"2023-09-12T04:52:45","slug":"7-truths-that-will-strengthen-your-marriage-sample","status":"publish","type":"page","link":"https:\/\/cesarcastellanos.tv\/en\/7-truths-that-will-strengthen-your-marriage-sample\/","title":{"rendered":"7 Truths that will Strengthen your Marriage Sample"},"content":{"rendered":"<p><!-- VideographyWP Plugin Message: Automatic video embedding prevented by plugin options. --><br \/>\n[et_pb_section fb_built=&#8221;1&#8243; _builder_version=&#8221;4.16&#8243; _module_preset=&#8221;default&#8221; global_colors_info=&#8221;{}&#8221;][et_pb_row _builder_version=&#8221;4.16&#8243; _module_preset=&#8221;default&#8221; global_colors_info=&#8221;{}&#8221;][et_pb_column type=&#8221;4_4&#8243; _builder_version=&#8221;4.16&#8243; _module_preset=&#8221;default&#8221; global_colors_info=&#8221;{}&#8221;][et_pb_code _builder_version=&#8221;4.22.1&#8243; _module_preset=&#8221;default&#8221; global_colors_info=&#8221;{}&#8221;]<\/p>\n<div style=\"position:relative;padding-top:max(60%,326px);height:0;width:100%\"><iframe allow=\"clipboard-write\" sandbox=\"allow-top-navigation allow-top-navigation-by-user-activation allow-downloads allow-scripts allow-same-origin allow-popups allow-modals allow-popups-to-escape-sandbox allow-forms\" allowfullscreen=\"true\" style=\"position:absolute;border:none;width:100%;height:100%;left:0;right:0;top:0;bottom:0;\" src=\"https:\/\/e.issuu.com\/embed.html?d=7_truths_that_will_strengthen_your_marriage_sample&#038;hideIssuuLogo=true&#038;u=cesarcastellanostv\"><\/iframe><\/div>\n<p>[\/et_pb_code][\/et_pb_column][\/et_pb_row][et_pb_row _builder_version=&#8221;4.16&#8243; _module_preset=&#8221;default&#8221; global_colors_info=&#8221;{}&#8221;][et_pb_column type=&#8221;4_4&#8243; _builder_version=&#8221;4.16&#8243; _module_preset=&#8221;default&#8221; global_colors_info=&#8221;{}&#8221;][et_pb_button button_url=&#8221;https:\/\/cesarcastellanos.tv\/en\/app\/&#8221; button_text=&#8221;Leer M\u00e1s&#8221; button_alignment=&#8221;center&#8221; _builder_version=&#8221;4.19.4&#8243; _module_preset=&#8221;default&#8221; custom_button=&#8221;on&#8221; button_text_color=&#8221;#FFFFFF&#8221; button_bg_color=&#8221;#0d1c2d&#8221; button_border_width=&#8221;0px&#8221; button_border_radius=&#8221;8px&#8221; button_font=&#8221;||||||||&#8221; button_use_icon=&#8221;off&#8221; custom_padding=&#8221;10px|40px|10px|40px|true|true&#8221; global_colors_info=&#8221;{}&#8221;][\/et_pb_button][\/et_pb_column][\/et_pb_row][\/et_pb_section]<\/p>\n","protected":false},"excerpt":{"rendered":"","protected":false},"author":5,"featured_media":18205,"parent":0,"menu_order":0,"comment_status":"closed","ping_status":"closed","template":"","meta":{"_et_pb_use_builder":"on","_et_pb_old_content":"","_et_gb_content_width":"","footnotes":""},"class_list":["post-18188","page","type-page","status-publish","has-post-thumbnail","hentry"],"yoast_head":"<!-- This site is optimized with the Yoast SEO plugin v27.3 - https:\/\/yoast.com\/product\/yoast-seo-wordpress\/ -->\n<title>7 Truths that will Strengthen your Marriage Sample - C\u00e9sar Castellanos<\/title>\n<meta name=\"description\" content=\"El Pastor C\u00e9sar Castellanos naci\u00f3 en Colombia, es esposo, padre de 5 hijos, abuelo de 13 nietos, pastor, escritor y un reconocido conferencista a nivel internacional. Junto con su esposa, Emma Claudia, son los fundadores y pastores principales de la iglesia Misi\u00f3n Carism\u00e1tica Internacional en Bogot\u00e1, Colombia.\" \/>\n<meta name=\"robots\" content=\"index, follow, max-snippet:-1, max-image-preview:large, max-video-preview:-1\" \/>\n<link rel=\"canonical\" href=\"https:\/\/cesarcastellanos.tv\/en\/7-truths-that-will-strengthen-your-marriage-sample\/\" \/>\n<meta property=\"og:locale\" content=\"en_US\" \/>\n<meta property=\"og:type\" content=\"article\" \/>\n<meta property=\"og:title\" content=\"7 Truths that will Strengthen your Marriage Sample - C\u00e9sar Castellanos\" \/>\n<meta property=\"og:description\" content=\"El Pastor C\u00e9sar Castellanos naci\u00f3 en Colombia, es esposo, padre de 5 hijos, abuelo de 13 nietos, pastor, escritor y un reconocido conferencista a nivel internacional. Junto con su esposa, Emma Claudia, son los fundadores y pastores principales de la iglesia Misi\u00f3n Carism\u00e1tica Internacional en Bogot\u00e1, Colombia.\" \/>\n<meta property=\"og:url\" content=\"https:\/\/cesarcastellanos.tv\/en\/7-truths-that-will-strengthen-your-marriage-sample\/\" \/>\n<meta property=\"og:site_name\" content=\"C\u00e9sar Castellanos\" \/>\n<meta property=\"article:modified_time\" content=\"2023-09-12T04:52:45+00:00\" \/>\n<meta property=\"og:image\" content=\"https:\/\/cesarcastellanos.tv\/wp-content\/uploads\/2023\/09\/cover-7-verdades.jpg\" \/>\n\t<meta property=\"og:image:width\" content=\"1500\" \/>\n\t<meta property=\"og:image:height\" content=\"2244\" \/>\n\t<meta property=\"og:image:type\" content=\"image\/jpeg\" \/>\n<meta name=\"twitter:card\" content=\"summary_large_image\" \/>\n<meta name=\"twitter:title\" content=\"7 Truths that will Strengthen your Marriage Sample - C\u00e9sar Castellanos\" \/>\n<meta name=\"twitter:label1\" content=\"Est. reading time\" \/>\n\t<meta name=\"twitter:data1\" content=\"1 minute\" \/>\n<script type=\"application\/ld+json\" class=\"yoast-schema-graph\">{\"@context\":\"https:\\\/\\\/schema.org\",\"@graph\":[{\"@type\":\"WebPage\",\"@id\":\"https:\\\/\\\/cesarcastellanos.tv\\\/en\\\/7-truths-that-will-strengthen-your-marriage-sample\\\/\",\"url\":\"https:\\\/\\\/cesarcastellanos.tv\\\/en\\\/7-truths-that-will-strengthen-your-marriage-sample\\\/\",\"name\":\"7 Truths that will Strengthen your Marriage Sample - C\u00e9sar Castellanos\",\"isPartOf\":{\"@id\":\"https:\\\/\\\/cesarcastellanos.tv\\\/#website\"},\"primaryImageOfPage\":{\"@id\":\"https:\\\/\\\/cesarcastellanos.tv\\\/en\\\/7-truths-that-will-strengthen-your-marriage-sample\\\/#primaryimage\"},\"image\":{\"@id\":\"https:\\\/\\\/cesarcastellanos.tv\\\/en\\\/7-truths-that-will-strengthen-your-marriage-sample\\\/#primaryimage\"},\"thumbnailUrl\":\"https:\\\/\\\/cesarcastellanos.tv\\\/wp-content\\\/uploads\\\/2023\\\/09\\\/cover-7-verdades.jpg\",\"datePublished\":\"2023-09-12T04:19:36+00:00\",\"dateModified\":\"2023-09-12T04:52:45+00:00\",\"description\":\"El Pastor C\u00e9sar Castellanos naci\u00f3 en Colombia, es esposo, padre de 5 hijos, abuelo de 13 nietos, pastor, escritor y un reconocido conferencista a nivel internacional. Junto con su esposa, Emma Claudia, son los fundadores y pastores principales de la iglesia Misi\u00f3n Carism\u00e1tica Internacional en Bogot\u00e1, Colombia.\",\"breadcrumb\":{\"@id\":\"https:\\\/\\\/cesarcastellanos.tv\\\/en\\\/7-truths-that-will-strengthen-your-marriage-sample\\\/#breadcrumb\"},\"inLanguage\":\"en-US\",\"potentialAction\":[{\"@type\":\"ReadAction\",\"target\":[\"https:\\\/\\\/cesarcastellanos.tv\\\/en\\\/7-truths-that-will-strengthen-your-marriage-sample\\\/\"]}]},{\"@type\":\"ImageObject\",\"inLanguage\":\"en-US\",\"@id\":\"https:\\\/\\\/cesarcastellanos.tv\\\/en\\\/7-truths-that-will-strengthen-your-marriage-sample\\\/#primaryimage\",\"url\":\"https:\\\/\\\/cesarcastellanos.tv\\\/wp-content\\\/uploads\\\/2023\\\/09\\\/cover-7-verdades.jpg\",\"contentUrl\":\"https:\\\/\\\/cesarcastellanos.tv\\\/wp-content\\\/uploads\\\/2023\\\/09\\\/cover-7-verdades.jpg\",\"width\":1500,\"height\":2244},{\"@type\":\"BreadcrumbList\",\"@id\":\"https:\\\/\\\/cesarcastellanos.tv\\\/en\\\/7-truths-that-will-strengthen-your-marriage-sample\\\/#breadcrumb\",\"itemListElement\":[{\"@type\":\"ListItem\",\"position\":1,\"name\":\"Home\",\"item\":\"https:\\\/\\\/cesarcastellanos.tv\\\/en\\\/\"},{\"@type\":\"ListItem\",\"position\":2,\"name\":\"7 Truths that will Strengthen your Marriage Sample\"}]},{\"@type\":\"WebSite\",\"@id\":\"https:\\\/\\\/cesarcastellanos.tv\\\/#website\",\"url\":\"https:\\\/\\\/cesarcastellanos.tv\\\/\",\"name\":\"C\u00e9sar Castellanos\",\"description\":\"Un ministerio que ha impactado el mundo\",\"publisher\":{\"@id\":\"https:\\\/\\\/cesarcastellanos.tv\\\/#organization\"},\"alternateName\":\"C\u00e9sar Castellanos\",\"potentialAction\":[{\"@type\":\"SearchAction\",\"target\":{\"@type\":\"EntryPoint\",\"urlTemplate\":\"https:\\\/\\\/cesarcastellanos.tv\\\/?s={search_term_string}\"},\"query-input\":{\"@type\":\"PropertyValueSpecification\",\"valueRequired\":true,\"valueName\":\"search_term_string\"}}],\"inLanguage\":\"en-US\"},{\"@type\":\"Organization\",\"@id\":\"https:\\\/\\\/cesarcastellanos.tv\\\/#organization\",\"name\":\"Cesar Castellanos\",\"url\":\"https:\\\/\\\/cesarcastellanos.tv\\\/\",\"logo\":{\"@type\":\"ImageObject\",\"inLanguage\":\"en-US\",\"@id\":\"https:\\\/\\\/cesarcastellanos.tv\\\/#\\\/schema\\\/logo\\\/image\\\/\",\"url\":\"https:\\\/\\\/cesarcastellanos.tv\\\/wp-content\\\/uploads\\\/2021\\\/04\\\/logo_pccd_alta.png\",\"contentUrl\":\"https:\\\/\\\/cesarcastellanos.tv\\\/wp-content\\\/uploads\\\/2021\\\/04\\\/logo_pccd_alta.png\",\"width\":442,\"height\":442,\"caption\":\"Cesar Castellanos\"},\"image\":{\"@id\":\"https:\\\/\\\/cesarcastellanos.tv\\\/#\\\/schema\\\/logo\\\/image\\\/\"}}]}<\/script>\n<!-- \/ Yoast SEO plugin. -->","yoast_head_json":{"title":"7 Truths that will Strengthen your Marriage Sample - C\u00e9sar Castellanos","description":"El Pastor C\u00e9sar Castellanos naci\u00f3 en Colombia, es esposo, padre de 5 hijos, abuelo de 13 nietos, pastor, escritor y un reconocido conferencista a nivel internacional. Junto con su esposa, Emma Claudia, son los fundadores y pastores principales de la iglesia Misi\u00f3n Carism\u00e1tica Internacional en Bogot\u00e1, Colombia.","robots":{"index":"index","follow":"follow","max-snippet":"max-snippet:-1","max-image-preview":"max-image-preview:large","max-video-preview":"max-video-preview:-1"},"canonical":"https:\/\/cesarcastellanos.tv\/en\/7-truths-that-will-strengthen-your-marriage-sample\/","og_locale":"en_US","og_type":"article","og_title":"7 Truths that will Strengthen your Marriage Sample - C\u00e9sar Castellanos","og_description":"El Pastor C\u00e9sar Castellanos naci\u00f3 en Colombia, es esposo, padre de 5 hijos, abuelo de 13 nietos, pastor, escritor y un reconocido conferencista a nivel internacional. Junto con su esposa, Emma Claudia, son los fundadores y pastores principales de la iglesia Misi\u00f3n Carism\u00e1tica Internacional en Bogot\u00e1, Colombia.","og_url":"https:\/\/cesarcastellanos.tv\/en\/7-truths-that-will-strengthen-your-marriage-sample\/","og_site_name":"C\u00e9sar Castellanos","article_modified_time":"2023-09-12T04:52:45+00:00","og_image":[{"width":1500,"height":2244,"url":"https:\/\/cesarcastellanos.tv\/wp-content\/uploads\/2023\/09\/cover-7-verdades.jpg","type":"image\/jpeg"}],"twitter_card":"summary_large_image","twitter_title":"7 Truths that will Strengthen your Marriage Sample - C\u00e9sar Castellanos","twitter_misc":{"Est. reading time":"1 minute"},"schema":{"@context":"https:\/\/schema.org","@graph":[{"@type":"WebPage","@id":"https:\/\/cesarcastellanos.tv\/en\/7-truths-that-will-strengthen-your-marriage-sample\/","url":"https:\/\/cesarcastellanos.tv\/en\/7-truths-that-will-strengthen-your-marriage-sample\/","name":"7 Truths that will Strengthen your Marriage Sample - C\u00e9sar Castellanos","isPartOf":{"@id":"https:\/\/cesarcastellanos.tv\/#website"},"primaryImageOfPage":{"@id":"https:\/\/cesarcastellanos.tv\/en\/7-truths-that-will-strengthen-your-marriage-sample\/#primaryimage"},"image":{"@id":"https:\/\/cesarcastellanos.tv\/en\/7-truths-that-will-strengthen-your-marriage-sample\/#primaryimage"},"thumbnailUrl":"https:\/\/cesarcastellanos.tv\/wp-content\/uploads\/2023\/09\/cover-7-verdades.jpg","datePublished":"2023-09-12T04:19:36+00:00","dateModified":"2023-09-12T04:52:45+00:00","description":"El Pastor C\u00e9sar Castellanos naci\u00f3 en Colombia, es esposo, padre de 5 hijos, abuelo de 13 nietos, pastor, escritor y un reconocido conferencista a nivel internacional. Junto con su esposa, Emma Claudia, son los fundadores y pastores principales de la iglesia Misi\u00f3n Carism\u00e1tica Internacional en Bogot\u00e1, Colombia.","breadcrumb":{"@id":"https:\/\/cesarcastellanos.tv\/en\/7-truths-that-will-strengthen-your-marriage-sample\/#breadcrumb"},"inLanguage":"en-US","potentialAction":[{"@type":"ReadAction","target":["https:\/\/cesarcastellanos.tv\/en\/7-truths-that-will-strengthen-your-marriage-sample\/"]}]},{"@type":"ImageObject","inLanguage":"en-US","@id":"https:\/\/cesarcastellanos.tv\/en\/7-truths-that-will-strengthen-your-marriage-sample\/#primaryimage","url":"https:\/\/cesarcastellanos.tv\/wp-content\/uploads\/2023\/09\/cover-7-verdades.jpg","contentUrl":"https:\/\/cesarcastellanos.tv\/wp-content\/uploads\/2023\/09\/cover-7-verdades.jpg","width":1500,"height":2244},{"@type":"BreadcrumbList","@id":"https:\/\/cesarcastellanos.tv\/en\/7-truths-that-will-strengthen-your-marriage-sample\/#breadcrumb","itemListElement":[{"@type":"ListItem","position":1,"name":"Home","item":"https:\/\/cesarcastellanos.tv\/en\/"},{"@type":"ListItem","position":2,"name":"7 Truths that will Strengthen your Marriage Sample"}]},{"@type":"WebSite","@id":"https:\/\/cesarcastellanos.tv\/#website","url":"https:\/\/cesarcastellanos.tv\/","name":"C\u00e9sar Castellanos","description":"Un ministerio que ha impactado el mundo","publisher":{"@id":"https:\/\/cesarcastellanos.tv\/#organization"},"alternateName":"C\u00e9sar Castellanos","potentialAction":[{"@type":"SearchAction","target":{"@type":"EntryPoint","urlTemplate":"https:\/\/cesarcastellanos.tv\/?s={search_term_string}"},"query-input":{"@type":"PropertyValueSpecification","valueRequired":true,"valueName":"search_term_string"}}],"inLanguage":"en-US"},{"@type":"Organization","@id":"https:\/\/cesarcastellanos.tv\/#organization","name":"Cesar Castellanos","url":"https:\/\/cesarcastellanos.tv\/","logo":{"@type":"ImageObject","inLanguage":"en-US","@id":"https:\/\/cesarcastellanos.tv\/#\/schema\/logo\/image\/","url":"https:\/\/cesarcastellanos.tv\/wp-content\/uploads\/2021\/04\/logo_pccd_alta.png","contentUrl":"https:\/\/cesarcastellanos.tv\/wp-content\/uploads\/2021\/04\/logo_pccd_alta.png","width":442,"height":442,"caption":"Cesar Castellanos"},"image":{"@id":"https:\/\/cesarcastellanos.tv\/#\/schema\/logo\/image\/"}}]}},"_links":{"self":[{"href":"https:\/\/cesarcastellanos.tv\/en\/wp-json\/wp\/v2\/pages\/18188","targetHints":{"allow":["GET"]}}],"collection":[{"href":"https:\/\/cesarcastellanos.tv\/en\/wp-json\/wp\/v2\/pages"}],"about":[{"href":"https:\/\/cesarcastellanos.tv\/en\/wp-json\/wp\/v2\/types\/page"}],"author":[{"embeddable":true,"href":"https:\/\/cesarcastellanos.tv\/en\/wp-json\/wp\/v2\/users\/5"}],"replies":[{"embeddable":true,"href":"https:\/\/cesarcastellanos.tv\/en\/wp-json\/wp\/v2\/comments?post=18188"}],"version-history":[{"count":6,"href":"https:\/\/cesarcastellanos.tv\/en\/wp-json\/wp\/v2\/pages\/18188\/revisions"}],"predecessor-version":[{"id":18207,"href":"https:\/\/cesarcastellanos.tv\/en\/wp-json\/wp\/v2\/pages\/18188\/revisions\/18207"}],"wp:featuredmedia":[{"embeddable":true,"href":"https:\/\/cesarcastellanos.tv\/en\/wp-json\/wp\/v2\/media\/18205"}],"wp:attachment":[{"href":"https:\/\/cesarcastellanos.tv\/en\/wp-json\/wp\/v2\/media?parent=18188"}],"curies":[{"name":"wp","href":"https:\/\/api.w.org\/{rel}","templated":true}]}}