{"id":15537,"date":"2022-11-29T18:40:53","date_gmt":"2022-11-29T23:40:53","guid":{"rendered":"https:\/\/cesarcastellanos.tv\/tocando-el-corazon-del-padre-sample\/"},"modified":"2022-11-29T19:02:44","modified_gmt":"2022-11-30T00:02:44","slug":"touching-the-fathers-heart-sample","status":"publish","type":"page","link":"https:\/\/cesarcastellanos.tv\/en\/touching-the-fathers-heart-sample\/","title":{"rendered":"Touching the Father&#8217;s Heart Sample"},"content":{"rendered":"<p><!-- VideographyWP Plugin Message: Automatic video embedding prevented by plugin options. --><br \/>\n[et_pb_section fb_built=&#8221;1&#8243; _builder_version=&#8221;4.16&#8243; _module_preset=&#8221;default&#8221; global_colors_info=&#8221;{}&#8221;][et_pb_row _builder_version=&#8221;4.16&#8243; _module_preset=&#8221;default&#8221; global_colors_info=&#8221;{}&#8221;][et_pb_column type=&#8221;4_4&#8243; _builder_version=&#8221;4.16&#8243; _module_preset=&#8221;default&#8221; global_colors_info=&#8221;{}&#8221;][et_pb_code _builder_version=&#8221;4.19.1&#8243; _module_preset=&#8221;default&#8221; global_colors_info=&#8221;{}&#8221;]<\/p>\n<div style=\"position:relative;padding-top:max(60%,326px);height:0;width:100%\"><iframe allow=\"clipboard-write\" sandbox=\"allow-top-navigation allow-top-navigation-by-user-activation allow-downloads allow-scripts allow-same-origin allow-popups allow-modals allow-popups-to-escape-sandbox allow-forms\" allowfullscreen=\"true\" style=\"position:absolute;border:none;width:100%;height:100%;left:0;right:0;top:0;bottom:0;\" src=\"https:\/\/e.issuu.com\/embed.html?d=sample_touching_the_father_s_heart.epub&#038;hideIssuuLogo=true&#038;u=cesarcastellanostv\"><\/iframe><\/div>\n<p>[\/et_pb_code][\/et_pb_column][\/et_pb_row][et_pb_row _builder_version=&#8221;4.16&#8243; _module_preset=&#8221;default&#8221; global_colors_info=&#8221;{}&#8221;][et_pb_column type=&#8221;4_4&#8243; _builder_version=&#8221;4.16&#8243; _module_preset=&#8221;default&#8221; global_colors_info=&#8221;{}&#8221;][et_pb_button button_url=&#8221;https:\/\/cesarcastellanos.tv\/app&#8221; button_text=&#8221;Read More&#8221; button_alignment=&#8221;center&#8221; _builder_version=&#8221;4.19.1&#8243; _module_preset=&#8221;default&#8221; custom_button=&#8221;on&#8221; button_text_color=&#8221;#FFFFFF&#8221; button_bg_color=&#8221;#0d1c2d&#8221; button_border_width=&#8221;0px&#8221; button_border_radius=&#8221;8px&#8221; button_font=&#8221;||||||||&#8221; button_use_icon=&#8221;off&#8221; custom_padding=&#8221;10px|40px|10px|40px|true|true&#8221; hover_enabled=&#8221;0&#8243; global_colors_info=&#8221;{}&#8221; sticky_enabled=&#8221;0&#8243;][\/et_pb_button][\/et_pb_column][\/et_pb_row][\/et_pb_section]<\/p>\n","protected":false},"excerpt":{"rendered":"","protected":false},"author":5,"featured_media":15541,"parent":0,"menu_order":0,"comment_status":"closed","ping_status":"closed","template":"","meta":{"_et_pb_use_builder":"on","_et_pb_old_content":"","_et_gb_content_width":"","footnotes":""},"class_list":["post-15537","page","type-page","status-publish","has-post-thumbnail","hentry"],"yoast_head":"<!-- This site is optimized with the Yoast SEO plugin v27.4 - https:\/\/yoast.com\/product\/yoast-seo-wordpress\/ -->\n<title>Touching the Father&#039;s Heart Sample - C\u00e9sar Castellanos<\/title>\n<meta name=\"description\" content=\"La clave para tocar el coraz\u00f3n del Padre est\u00e1 en la forma de relacionarnos con \u00c9l. Por lo tanto conocer, entender y poner en pr\u00e1ctica cada uno de los pasos de la preciosa oraci\u00f3n (Padre Nuestro) presentada por Jes\u00fas, le llevar\u00e1 a vivir d\u00eda a d\u00eda una experiencia sobrenatural.\" \/>\n<meta name=\"robots\" content=\"index, follow, max-snippet:-1, max-image-preview:large, max-video-preview:-1\" \/>\n<link rel=\"canonical\" href=\"https:\/\/cesarcastellanos.tv\/en\/touching-the-fathers-heart-sample\/\" \/>\n<meta property=\"og:locale\" content=\"en_US\" \/>\n<meta property=\"og:type\" content=\"article\" \/>\n<meta property=\"og:title\" content=\"Touching the Father&#039;s Heart Sample - C\u00e9sar Castellanos\" \/>\n<meta property=\"og:description\" content=\"La clave para tocar el coraz\u00f3n del Padre est\u00e1 en la forma de relacionarnos con \u00c9l. Por lo tanto conocer, entender y poner en pr\u00e1ctica cada uno de los pasos de la preciosa oraci\u00f3n (Padre Nuestro) presentada por Jes\u00fas, le llevar\u00e1 a vivir d\u00eda a d\u00eda una experiencia sobrenatural.\" \/>\n<meta property=\"og:url\" content=\"https:\/\/cesarcastellanos.tv\/en\/touching-the-fathers-heart-sample\/\" \/>\n<meta property=\"og:site_name\" content=\"C\u00e9sar Castellanos\" \/>\n<meta property=\"article:modified_time\" content=\"2022-11-30T00:02:44+00:00\" \/>\n<meta property=\"og:image\" content=\"https:\/\/cesarcastellanos.tv\/wp-content\/uploads\/2022\/08\/banner-recursos-espan\u0303ol-1.jpg\" \/>\n\t<meta property=\"og:image:width\" content=\"1920\" \/>\n\t<meta property=\"og:image:height\" content=\"1080\" \/>\n\t<meta property=\"og:image:type\" content=\"image\/jpeg\" \/>\n<meta name=\"twitter:card\" content=\"summary_large_image\" \/>\n<meta name=\"twitter:title\" content=\"Touching the Father&#039;s Heart Sample - C\u00e9sar Castellanos\" \/>\n<meta name=\"twitter:image\" content=\"https:\/\/cesarcastellanos.tv\/wp-content\/uploads\/2022\/08\/banner-recursos-espan\u0303ol-1.jpg\" \/>\n<meta name=\"twitter:label1\" content=\"Est. reading time\" \/>\n\t<meta name=\"twitter:data1\" content=\"1 minute\" \/>\n<script type=\"application\/ld+json\" class=\"yoast-schema-graph\">{\"@context\":\"https:\\\/\\\/schema.org\",\"@graph\":[{\"@type\":\"WebPage\",\"@id\":\"https:\\\/\\\/cesarcastellanos.tv\\\/en\\\/touching-the-fathers-heart-sample\\\/\",\"url\":\"https:\\\/\\\/cesarcastellanos.tv\\\/en\\\/touching-the-fathers-heart-sample\\\/\",\"name\":\"Touching the Father's Heart Sample - C\u00e9sar Castellanos\",\"isPartOf\":{\"@id\":\"https:\\\/\\\/cesarcastellanos.tv\\\/#website\"},\"primaryImageOfPage\":{\"@id\":\"https:\\\/\\\/cesarcastellanos.tv\\\/en\\\/touching-the-fathers-heart-sample\\\/#primaryimage\"},\"image\":{\"@id\":\"https:\\\/\\\/cesarcastellanos.tv\\\/en\\\/touching-the-fathers-heart-sample\\\/#primaryimage\"},\"thumbnailUrl\":\"https:\\\/\\\/cesarcastellanos.tv\\\/wp-content\\\/uploads\\\/2022\\\/11\\\/CTouching.jpg\",\"datePublished\":\"2022-11-29T23:40:53+00:00\",\"dateModified\":\"2022-11-30T00:02:44+00:00\",\"description\":\"La clave para tocar el coraz\u00f3n del Padre est\u00e1 en la forma de relacionarnos con \u00c9l. Por lo tanto conocer, entender y poner en pr\u00e1ctica cada uno de los pasos de la preciosa oraci\u00f3n (Padre Nuestro) presentada por Jes\u00fas, le llevar\u00e1 a vivir d\u00eda a d\u00eda una experiencia sobrenatural.\",\"breadcrumb\":{\"@id\":\"https:\\\/\\\/cesarcastellanos.tv\\\/en\\\/touching-the-fathers-heart-sample\\\/#breadcrumb\"},\"inLanguage\":\"en-US\",\"potentialAction\":[{\"@type\":\"ReadAction\",\"target\":[\"https:\\\/\\\/cesarcastellanos.tv\\\/en\\\/touching-the-fathers-heart-sample\\\/\"]}]},{\"@type\":\"ImageObject\",\"inLanguage\":\"en-US\",\"@id\":\"https:\\\/\\\/cesarcastellanos.tv\\\/en\\\/touching-the-fathers-heart-sample\\\/#primaryimage\",\"url\":\"https:\\\/\\\/cesarcastellanos.tv\\\/wp-content\\\/uploads\\\/2022\\\/11\\\/CTouching.jpg\",\"contentUrl\":\"https:\\\/\\\/cesarcastellanos.tv\\\/wp-content\\\/uploads\\\/2022\\\/11\\\/CTouching.jpg\",\"width\":1466,\"height\":2199},{\"@type\":\"BreadcrumbList\",\"@id\":\"https:\\\/\\\/cesarcastellanos.tv\\\/en\\\/touching-the-fathers-heart-sample\\\/#breadcrumb\",\"itemListElement\":[{\"@type\":\"ListItem\",\"position\":1,\"name\":\"Home\",\"item\":\"https:\\\/\\\/cesarcastellanos.tv\\\/en\\\/\"},{\"@type\":\"ListItem\",\"position\":2,\"name\":\"Touching the Father&#8217;s Heart Sample\"}]},{\"@type\":\"WebSite\",\"@id\":\"https:\\\/\\\/cesarcastellanos.tv\\\/#website\",\"url\":\"https:\\\/\\\/cesarcastellanos.tv\\\/\",\"name\":\"C\u00e9sar Castellanos\",\"description\":\"Un ministerio que ha impactado el mundo\",\"publisher\":{\"@id\":\"https:\\\/\\\/cesarcastellanos.tv\\\/#organization\"},\"alternateName\":\"C\u00e9sar Castellanos\",\"potentialAction\":[{\"@type\":\"SearchAction\",\"target\":{\"@type\":\"EntryPoint\",\"urlTemplate\":\"https:\\\/\\\/cesarcastellanos.tv\\\/?s={search_term_string}\"},\"query-input\":{\"@type\":\"PropertyValueSpecification\",\"valueRequired\":true,\"valueName\":\"search_term_string\"}}],\"inLanguage\":\"en-US\"},{\"@type\":\"Organization\",\"@id\":\"https:\\\/\\\/cesarcastellanos.tv\\\/#organization\",\"name\":\"Cesar Castellanos\",\"url\":\"https:\\\/\\\/cesarcastellanos.tv\\\/\",\"logo\":{\"@type\":\"ImageObject\",\"inLanguage\":\"en-US\",\"@id\":\"https:\\\/\\\/cesarcastellanos.tv\\\/#\\\/schema\\\/logo\\\/image\\\/\",\"url\":\"https:\\\/\\\/cesarcastellanos.tv\\\/wp-content\\\/uploads\\\/2021\\\/04\\\/logo_pccd_alta.png\",\"contentUrl\":\"https:\\\/\\\/cesarcastellanos.tv\\\/wp-content\\\/uploads\\\/2021\\\/04\\\/logo_pccd_alta.png\",\"width\":442,\"height\":442,\"caption\":\"Cesar Castellanos\"},\"image\":{\"@id\":\"https:\\\/\\\/cesarcastellanos.tv\\\/#\\\/schema\\\/logo\\\/image\\\/\"}}]}<\/script>\n<!-- \/ Yoast SEO plugin. -->","yoast_head_json":{"title":"Touching the Father's Heart Sample - C\u00e9sar Castellanos","description":"La clave para tocar el coraz\u00f3n del Padre est\u00e1 en la forma de relacionarnos con \u00c9l. Por lo tanto conocer, entender y poner en pr\u00e1ctica cada uno de los pasos de la preciosa oraci\u00f3n (Padre Nuestro) presentada por Jes\u00fas, le llevar\u00e1 a vivir d\u00eda a d\u00eda una experiencia sobrenatural.","robots":{"index":"index","follow":"follow","max-snippet":"max-snippet:-1","max-image-preview":"max-image-preview:large","max-video-preview":"max-video-preview:-1"},"canonical":"https:\/\/cesarcastellanos.tv\/en\/touching-the-fathers-heart-sample\/","og_locale":"en_US","og_type":"article","og_title":"Touching the Father's Heart Sample - C\u00e9sar Castellanos","og_description":"La clave para tocar el coraz\u00f3n del Padre est\u00e1 en la forma de relacionarnos con \u00c9l. Por lo tanto conocer, entender y poner en pr\u00e1ctica cada uno de los pasos de la preciosa oraci\u00f3n (Padre Nuestro) presentada por Jes\u00fas, le llevar\u00e1 a vivir d\u00eda a d\u00eda una experiencia sobrenatural.","og_url":"https:\/\/cesarcastellanos.tv\/en\/touching-the-fathers-heart-sample\/","og_site_name":"C\u00e9sar Castellanos","article_modified_time":"2022-11-30T00:02:44+00:00","og_image":[{"width":1920,"height":1080,"url":"https:\/\/cesarcastellanos.tv\/wp-content\/uploads\/2022\/08\/banner-recursos-espan\u0303ol-1.jpg","type":"image\/jpeg"}],"twitter_card":"summary_large_image","twitter_title":"Touching the Father's Heart Sample - C\u00e9sar Castellanos","twitter_image":"https:\/\/cesarcastellanos.tv\/wp-content\/uploads\/2022\/08\/banner-recursos-espan\u0303ol-1.jpg","twitter_misc":{"Est. reading time":"1 minute"},"schema":{"@context":"https:\/\/schema.org","@graph":[{"@type":"WebPage","@id":"https:\/\/cesarcastellanos.tv\/en\/touching-the-fathers-heart-sample\/","url":"https:\/\/cesarcastellanos.tv\/en\/touching-the-fathers-heart-sample\/","name":"Touching the Father's Heart Sample - C\u00e9sar Castellanos","isPartOf":{"@id":"https:\/\/cesarcastellanos.tv\/#website"},"primaryImageOfPage":{"@id":"https:\/\/cesarcastellanos.tv\/en\/touching-the-fathers-heart-sample\/#primaryimage"},"image":{"@id":"https:\/\/cesarcastellanos.tv\/en\/touching-the-fathers-heart-sample\/#primaryimage"},"thumbnailUrl":"https:\/\/cesarcastellanos.tv\/wp-content\/uploads\/2022\/11\/CTouching.jpg","datePublished":"2022-11-29T23:40:53+00:00","dateModified":"2022-11-30T00:02:44+00:00","description":"La clave para tocar el coraz\u00f3n del Padre est\u00e1 en la forma de relacionarnos con \u00c9l. Por lo tanto conocer, entender y poner en pr\u00e1ctica cada uno de los pasos de la preciosa oraci\u00f3n (Padre Nuestro) presentada por Jes\u00fas, le llevar\u00e1 a vivir d\u00eda a d\u00eda una experiencia sobrenatural.","breadcrumb":{"@id":"https:\/\/cesarcastellanos.tv\/en\/touching-the-fathers-heart-sample\/#breadcrumb"},"inLanguage":"en-US","potentialAction":[{"@type":"ReadAction","target":["https:\/\/cesarcastellanos.tv\/en\/touching-the-fathers-heart-sample\/"]}]},{"@type":"ImageObject","inLanguage":"en-US","@id":"https:\/\/cesarcastellanos.tv\/en\/touching-the-fathers-heart-sample\/#primaryimage","url":"https:\/\/cesarcastellanos.tv\/wp-content\/uploads\/2022\/11\/CTouching.jpg","contentUrl":"https:\/\/cesarcastellanos.tv\/wp-content\/uploads\/2022\/11\/CTouching.jpg","width":1466,"height":2199},{"@type":"BreadcrumbList","@id":"https:\/\/cesarcastellanos.tv\/en\/touching-the-fathers-heart-sample\/#breadcrumb","itemListElement":[{"@type":"ListItem","position":1,"name":"Home","item":"https:\/\/cesarcastellanos.tv\/en\/"},{"@type":"ListItem","position":2,"name":"Touching the Father&#8217;s Heart Sample"}]},{"@type":"WebSite","@id":"https:\/\/cesarcastellanos.tv\/#website","url":"https:\/\/cesarcastellanos.tv\/","name":"C\u00e9sar Castellanos","description":"Un ministerio que ha impactado el mundo","publisher":{"@id":"https:\/\/cesarcastellanos.tv\/#organization"},"alternateName":"C\u00e9sar Castellanos","potentialAction":[{"@type":"SearchAction","target":{"@type":"EntryPoint","urlTemplate":"https:\/\/cesarcastellanos.tv\/?s={search_term_string}"},"query-input":{"@type":"PropertyValueSpecification","valueRequired":true,"valueName":"search_term_string"}}],"inLanguage":"en-US"},{"@type":"Organization","@id":"https:\/\/cesarcastellanos.tv\/#organization","name":"Cesar Castellanos","url":"https:\/\/cesarcastellanos.tv\/","logo":{"@type":"ImageObject","inLanguage":"en-US","@id":"https:\/\/cesarcastellanos.tv\/#\/schema\/logo\/image\/","url":"https:\/\/cesarcastellanos.tv\/wp-content\/uploads\/2021\/04\/logo_pccd_alta.png","contentUrl":"https:\/\/cesarcastellanos.tv\/wp-content\/uploads\/2021\/04\/logo_pccd_alta.png","width":442,"height":442,"caption":"Cesar Castellanos"},"image":{"@id":"https:\/\/cesarcastellanos.tv\/#\/schema\/logo\/image\/"}}]}},"_links":{"self":[{"href":"https:\/\/cesarcastellanos.tv\/en\/wp-json\/wp\/v2\/pages\/15537","targetHints":{"allow":["GET"]}}],"collection":[{"href":"https:\/\/cesarcastellanos.tv\/en\/wp-json\/wp\/v2\/pages"}],"about":[{"href":"https:\/\/cesarcastellanos.tv\/en\/wp-json\/wp\/v2\/types\/page"}],"author":[{"embeddable":true,"href":"https:\/\/cesarcastellanos.tv\/en\/wp-json\/wp\/v2\/users\/5"}],"replies":[{"embeddable":true,"href":"https:\/\/cesarcastellanos.tv\/en\/wp-json\/wp\/v2\/comments?post=15537"}],"version-history":[{"count":4,"href":"https:\/\/cesarcastellanos.tv\/en\/wp-json\/wp\/v2\/pages\/15537\/revisions"}],"predecessor-version":[{"id":15552,"href":"https:\/\/cesarcastellanos.tv\/en\/wp-json\/wp\/v2\/pages\/15537\/revisions\/15552"}],"wp:featuredmedia":[{"embeddable":true,"href":"https:\/\/cesarcastellanos.tv\/en\/wp-json\/wp\/v2\/media\/15541"}],"wp:attachment":[{"href":"https:\/\/cesarcastellanos.tv\/en\/wp-json\/wp\/v2\/media?parent=15537"}],"curies":[{"name":"wp","href":"https:\/\/api.w.org\/{rel}","templated":true}]}}